{"id":2051,"date":"2024-08-30T13:31:19","date_gmt":"2024-08-30T18:31:19","guid":{"rendered":"https:\/\/proaudio.ec\/staging\/4693\/?page_id=2051"},"modified":"2025-03-14T15:28:34","modified_gmt":"2025-03-14T20:28:34","slug":"soluciones-auditivas","status":"publish","type":"page","link":"https:\/\/proaudio.ec\/index.php\/soluciones-auditivas\/","title":{"rendered":"SOLUCIONES AUDITIVAS"},"content":{"rendered":"\t\t<div data-elementor-type=\"wp-page\" data-elementor-id=\"2051\" class=\"elementor elementor-2051\" data-elementor-post-type=\"page\">\n\t\t\t\t<div class=\"elementor-element elementor-element-c97e02a e-grid e-con-boxed e-con e-parent\" data-id=\"c97e02a\" data-element_type=\"container\" data-e-type=\"container\" data-settings=\"{&quot;background_background&quot;:&quot;classic&quot;}\">\n\t\t\t\t\t<div class=\"e-con-inner\">\n\t\t<div class=\"elementor-element elementor-element-a896e8a e-grid e-con-full e-con e-child\" data-id=\"a896e8a\" data-element_type=\"container\" data-e-type=\"container\" data-settings=\"{&quot;background_background&quot;:&quot;classic&quot;}\">\n\t\t\t\t<div class=\"elementor-element elementor-element-9bfb860 elementor-widget elementor-widget-spacer\" data-id=\"9bfb860\" data-element_type=\"widget\" data-e-type=\"widget\" data-widget_type=\"spacer.default\">\n\t\t\t\t<div class=\"elementor-widget-container\">\n\t\t\t\t\t\t\t<div class=\"elementor-spacer\">\n\t\t\t<div class=\"elementor-spacer-inner\"><\/div>\n\t\t<\/div>\n\t\t\t\t\t\t<\/div>\n\t\t\t\t<\/div>\n\t\t\t\t<div class=\"elementor-element elementor-element-00daf26 elementor-widget elementor-widget-heading\" data-id=\"00daf26\" data-element_type=\"widget\" data-e-type=\"widget\" data-widget_type=\"heading.default\">\n\t\t\t\t<div class=\"elementor-widget-container\">\n\t\t\t\t\t<h2 class=\"elementor-heading-title elementor-size-default\">SOLUCIONES\nAUDITIVAS<\/h2>\t\t\t\t<\/div>\n\t\t\t\t<\/div>\n\t\t\t\t<div class=\"elementor-element elementor-element-a50ab48 elementor-widget elementor-widget-text-editor\" data-id=\"a50ab48\" data-element_type=\"widget\" data-e-type=\"widget\" data-widget_type=\"text-editor.default\">\n\t\t\t\t<div class=\"elementor-widget-container\">\n\t\t\t\t\t\t\t\t\t<p>De acuerdo con los requerimientos espec\u00edficos de cada paciente, se ofrecen diversas soluciones auditivas.<br \/>En Proaudio tenemos una extensa gama de auxiliares auditivos que cubren todos los tipos de p\u00e9rdida auditiva.<\/p>\t\t\t\t\t\t\t\t<\/div>\n\t\t\t\t<\/div>\n\t\t\t\t<div class=\"elementor-element elementor-element-47ccbb6 elementor-widget elementor-widget-spacer\" data-id=\"47ccbb6\" data-element_type=\"widget\" data-e-type=\"widget\" data-widget_type=\"spacer.default\">\n\t\t\t\t<div class=\"elementor-widget-container\">\n\t\t\t\t\t\t\t<div class=\"elementor-spacer\">\n\t\t\t<div class=\"elementor-spacer-inner\"><\/div>\n\t\t<\/div>\n\t\t\t\t\t\t<\/div>\n\t\t\t\t<\/div>\n\t\t\t\t<\/div>\n\t\t\t\t\t<\/div>\n\t\t\t\t<\/div>\n\t\t<div class=\"elementor-element elementor-element-4a197ff e-grid e-con-boxed e-con e-parent\" data-id=\"4a197ff\" data-element_type=\"container\" data-e-type=\"container\">\n\t\t\t\t\t<div class=\"e-con-inner\">\n\t\t\t\t<div class=\"elementor-element elementor-element-873ec9b elementor-widget elementor-widget-heading\" data-id=\"873ec9b\" data-element_type=\"widget\" data-e-type=\"widget\" data-widget_type=\"heading.default\">\n\t\t\t\t<div class=\"elementor-widget-container\">\n\t\t\t\t\t<h2 class=\"elementor-heading-title elementor-size-default\">AUD\u00cdFONOS<\/h2>\t\t\t\t<\/div>\n\t\t\t\t<\/div>\n\t\t\t\t<div class=\"elementor-element elementor-element-2282614 elementor-widget elementor-widget-text-editor\" data-id=\"2282614\" data-element_type=\"widget\" data-e-type=\"widget\" data-widget_type=\"text-editor.default\">\n\t\t\t\t<div class=\"elementor-widget-container\">\n\t\t\t\t\t\t\t\t\t<p>Siguiendo los m\u00e1s estrictos protocolos, los audi\u00f3logos y fonoaudi\u00f3logos realizan una minuciosa selecci\u00f3n de aud\u00edfono apropiado para cada paciente y los ajustes espec\u00edficos en cada caso.<br \/>Somos distribuidores exclusivos para Ecuador de Phonak y Starkey, dos de las marcas m\u00e1s reconocidas a nivel mundial respaldan nuestro trabajo con productos de la m\u00e1s alta tecnolog\u00eda y de \u00faltima generaci\u00f3n.<\/p>\t\t\t\t\t\t\t\t<\/div>\n\t\t\t\t<\/div>\n\t\t<div class=\"elementor-element elementor-element-b00ee8b e-grid e-con-full e-con e-child\" data-id=\"b00ee8b\" data-element_type=\"container\" data-e-type=\"container\">\n\t\t\t\t<div class=\"elementor-element elementor-element-7a1bc8d elementor-widget elementor-widget-image\" data-id=\"7a1bc8d\" data-element_type=\"widget\" data-e-type=\"widget\" data-widget_type=\"image.default\">\n\t\t\t\t<div class=\"elementor-widget-container\">\n\t\t\t\t\t\t\t\t\t\t\t\t\t\t\t<img decoding=\"async\" width=\"161\" height=\"58\" src=\"https:\/\/proaudio.ec\/wp-content\/uploads\/2020\/10\/phonak_logo.png\" class=\"attachment-large size-large wp-image-337\" alt=\"\" \/>\t\t\t\t\t\t\t\t\t\t\t\t\t\t\t<\/div>\n\t\t\t\t<\/div>\n\t\t\t\t<div class=\"elementor-element elementor-element-6ab1a04 elementor-widget elementor-widget-image\" data-id=\"6ab1a04\" data-element_type=\"widget\" data-e-type=\"widget\" data-widget_type=\"image.default\">\n\t\t\t\t<div class=\"elementor-widget-container\">\n\t\t\t\t\t\t\t\t\t\t\t\t\t\t\t<img fetchpriority=\"high\" decoding=\"async\" width=\"323\" height=\"156\" src=\"https:\/\/proaudio.ec\/wp-content\/uploads\/2020\/10\/starkey_logo_2.png\" class=\"attachment-large size-large wp-image-358\" alt=\"\" srcset=\"https:\/\/proaudio.ec\/wp-content\/uploads\/2020\/10\/starkey_logo_2.png 323w, https:\/\/proaudio.ec\/wp-content\/uploads\/2020\/10\/starkey_logo_2-300x145.png 300w\" sizes=\"(max-width: 323px) 100vw, 323px\" \/>\t\t\t\t\t\t\t\t\t\t\t\t\t\t\t<\/div>\n\t\t\t\t<\/div>\n\t\t\t\t<\/div>\n\t\t\t\t\t<\/div>\n\t\t\t\t<\/div>\n\t\t<div class=\"elementor-element elementor-element-0eac6ef e-grid e-con-boxed e-con e-parent\" data-id=\"0eac6ef\" data-element_type=\"container\" data-e-type=\"container\" data-settings=\"{&quot;background_background&quot;:&quot;classic&quot;}\">\n\t\t\t\t\t<div class=\"e-con-inner\">\n\t\t<a class=\"elementor-element elementor-element-42de155 e-con-full e-grid e-con e-child\" data-id=\"42de155\" data-element_type=\"container\" data-e-type=\"container\" href=\"https:\/\/proaudio.ec\/index.php\/invisibles\/\">\n\t\t<div class=\"elementor-element elementor-element-65225a0 e-grid e-con-full e-con e-child\" data-id=\"65225a0\" data-element_type=\"container\" data-e-type=\"container\" data-settings=\"{&quot;background_background&quot;:&quot;classic&quot;}\">\n\t\t\t\t<div class=\"elementor-element elementor-element-4cb3eb4 elementor-widget elementor-widget-heading\" data-id=\"4cb3eb4\" data-element_type=\"widget\" data-e-type=\"widget\" data-widget_type=\"heading.default\">\n\t\t\t\t<div class=\"elementor-widget-container\">\n\t\t\t\t\t<h2 class=\"elementor-heading-title elementor-size-default\">Invisible<\/h2>\t\t\t\t<\/div>\n\t\t\t\t<\/div>\n\t\t\t\t<div class=\"elementor-element elementor-element-237b494 elementor-widget elementor-widget-spacer\" data-id=\"237b494\" data-element_type=\"widget\" data-e-type=\"widget\" data-widget_type=\"spacer.default\">\n\t\t\t\t<div class=\"elementor-widget-container\">\n\t\t\t\t\t\t\t<div class=\"elementor-spacer\">\n\t\t\t<div class=\"elementor-spacer-inner\"><\/div>\n\t\t<\/div>\n\t\t\t\t\t\t<\/div>\n\t\t\t\t<\/div>\n\t\t\t\t<\/div>\n\t\t<div class=\"elementor-element elementor-element-4940fa5 e-grid e-con-full e-con e-child\" data-id=\"4940fa5\" data-element_type=\"container\" data-e-type=\"container\" data-settings=\"{&quot;background_background&quot;:&quot;classic&quot;}\">\n\t\t\t\t<div class=\"elementor-element elementor-element-fc812f5 elementor-widget elementor-widget-heading\" data-id=\"fc812f5\" data-element_type=\"widget\" data-e-type=\"widget\" data-widget_type=\"heading.default\">\n\t\t\t\t<div class=\"elementor-widget-container\">\n\t\t\t\t\t<h2 class=\"elementor-heading-title elementor-size-default\">Recargable<\/h2>\t\t\t\t<\/div>\n\t\t\t\t<\/div>\n\t\t\t\t<div class=\"elementor-element elementor-element-132b834 elementor-widget elementor-widget-spacer\" data-id=\"132b834\" data-element_type=\"widget\" data-e-type=\"widget\" data-widget_type=\"spacer.default\">\n\t\t\t\t<div class=\"elementor-widget-container\">\n\t\t\t\t\t\t\t<div class=\"elementor-spacer\">\n\t\t\t<div class=\"elementor-spacer-inner\"><\/div>\n\t\t<\/div>\n\t\t\t\t\t\t<\/div>\n\t\t\t\t<\/div>\n\t\t\t\t<\/div>\n\t\t<div class=\"elementor-element elementor-element-9bf5ee7 e-grid e-con-full e-con e-child\" data-id=\"9bf5ee7\" data-element_type=\"container\" data-e-type=\"container\" data-settings=\"{&quot;background_background&quot;:&quot;classic&quot;}\">\n\t\t\t\t<div class=\"elementor-element elementor-element-74ab67e elementor-widget elementor-widget-heading\" data-id=\"74ab67e\" data-element_type=\"widget\" data-e-type=\"widget\" data-widget_type=\"heading.default\">\n\t\t\t\t<div class=\"elementor-widget-container\">\n\t\t\t\t\t<h2 class=\"elementor-heading-title elementor-size-default\">Inteligente<\/h2>\t\t\t\t<\/div>\n\t\t\t\t<\/div>\n\t\t\t\t<div class=\"elementor-element elementor-element-09707bc elementor-widget elementor-widget-spacer\" data-id=\"09707bc\" data-element_type=\"widget\" data-e-type=\"widget\" data-widget_type=\"spacer.default\">\n\t\t\t\t<div class=\"elementor-widget-container\">\n\t\t\t\t\t\t\t<div class=\"elementor-spacer\">\n\t\t\t<div class=\"elementor-spacer-inner\"><\/div>\n\t\t<\/div>\n\t\t\t\t\t\t<\/div>\n\t\t\t\t<\/div>\n\t\t\t\t<\/div>\n\t\t<div class=\"elementor-element elementor-element-c64fef9 e-grid e-con-full e-con e-child\" data-id=\"c64fef9\" data-element_type=\"container\" data-e-type=\"container\" data-settings=\"{&quot;background_background&quot;:&quot;classic&quot;}\">\n\t\t\t\t<div class=\"elementor-element elementor-element-b9926cf elementor-widget elementor-widget-heading\" data-id=\"b9926cf\" data-element_type=\"widget\" data-e-type=\"widget\" data-widget_type=\"heading.default\">\n\t\t\t\t<div class=\"elementor-widget-container\">\n\t\t\t\t\t<h2 class=\"elementor-heading-title elementor-size-default\">Que se ajustan  a su presupuesto<\/h2>\t\t\t\t<\/div>\n\t\t\t\t<\/div>\n\t\t\t\t<div class=\"elementor-element elementor-element-80e7e9f elementor-widget elementor-widget-spacer\" data-id=\"80e7e9f\" data-element_type=\"widget\" data-e-type=\"widget\" data-widget_type=\"spacer.default\">\n\t\t\t\t<div class=\"elementor-widget-container\">\n\t\t\t\t\t\t\t<div class=\"elementor-spacer\">\n\t\t\t<div class=\"elementor-spacer-inner\"><\/div>\n\t\t<\/div>\n\t\t\t\t\t\t<\/div>\n\t\t\t\t<\/div>\n\t\t\t\t<\/div>\n\t\t\t\t<\/a>\n\t\t\t\t\t<\/div>\n\t\t\t\t<\/div>\n\t\t\t\t<\/div>\n\t\t","protected":false},"excerpt":{"rendered":"<p>SOLUCIONES AUDITIVAS De acuerdo con los requerimientos espec\u00edficos de cada paciente, se ofrecen diversas soluciones auditivas.En Proaudio tenemos una extensa [&hellip;]<\/p>\n","protected":false},"author":3,"featured_media":0,"parent":0,"menu_order":0,"comment_status":"closed","ping_status":"closed","template":"","meta":{"_uf_show_specific_survey":0,"_uf_disable_surveys":false,"site-sidebar-layout":"no-sidebar","site-content-layout":"","ast-site-content-layout":"full-width-container","site-content-style":"default","site-sidebar-style":"default","ast-global-header-display":"","ast-banner-title-visibility":"","ast-main-header-display":"","ast-hfb-above-header-display":"","ast-hfb-below-header-display":"","ast-hfb-mobile-header-display":"","site-post-title":"disabled","ast-breadcrumbs-content":"","ast-featured-img":"disabled","footer-sml-layout":"","ast-disable-related-posts":"","theme-transparent-header-meta":"","adv-header-id-meta":"","stick-header-meta":"","header-above-stick-meta":"","header-main-stick-meta":"","header-below-stick-meta":"","astra-migrate-meta-layouts":"default","ast-page-background-enabled":"default","ast-page-background-meta":{"desktop":{"background-color":"var(--ast-global-color-4)","background-image":"","background-repeat":"repeat","background-position":"center center","background-size":"auto","background-attachment":"scroll","background-type":"","background-media":"","overlay-type":"","overlay-color":"","overlay-opacity":"","overlay-gradient":""},"tablet":{"background-color":"","background-image":"","background-repeat":"repeat","background-position":"center center","background-size":"auto","background-attachment":"scroll","background-type":"","background-media":"","overlay-type":"","overlay-color":"","overlay-opacity":"","overlay-gradient":""},"mobile":{"background-color":"","background-image":"","background-repeat":"repeat","background-position":"center center","background-size":"auto","background-attachment":"scroll","background-type":"","background-media":"","overlay-type":"","overlay-color":"","overlay-opacity":"","overlay-gradient":""}},"ast-content-background-meta":{"desktop":{"background-color":"var(--ast-global-color-5)","background-image":"","background-repeat":"repeat","background-position":"center center","background-size":"auto","background-attachment":"scroll","background-type":"","background-media":"","overlay-type":"","overlay-color":"","overlay-opacity":"","overlay-gradient":""},"tablet":{"background-color":"var(--ast-global-color-5)","background-image":"","background-repeat":"repeat","background-position":"center center","background-size":"auto","background-attachment":"scroll","background-type":"","background-media":"","overlay-type":"","overlay-color":"","overlay-opacity":"","overlay-gradient":""},"mobile":{"background-color":"var(--ast-global-color-5)","background-image":"","background-repeat":"repeat","background-position":"center center","background-size":"auto","background-attachment":"scroll","background-type":"","background-media":"","overlay-type":"","overlay-color":"","overlay-opacity":"","overlay-gradient":""}},"footnotes":""},"class_list":["post-2051","page","type-page","status-publish","hentry"],"yoast_head":"<!-- This site is optimized with the Yoast SEO Premium plugin v26.0 (Yoast SEO v27.4) - https:\/\/yoast.com\/product\/yoast-seo-premium-wordpress\/ -->\n<title>SOLUCIONES AUDITIVAS - Proaudio<\/title>\n<meta name=\"robots\" content=\"index, follow, max-snippet:-1, max-image-preview:large, max-video-preview:-1\" \/>\n<link rel=\"canonical\" href=\"https:\/\/proaudio.ec\/index.php\/soluciones-auditivas\/\" \/>\n<meta property=\"og:locale\" content=\"es_ES\" \/>\n<meta property=\"og:type\" content=\"article\" \/>\n<meta property=\"og:title\" content=\"SOLUCIONES AUDITIVAS\" \/>\n<meta property=\"og:description\" content=\"SOLUCIONES AUDITIVAS De acuerdo con los requerimientos espec\u00edficos de cada paciente, se ofrecen diversas soluciones auditivas.En Proaudio tenemos una extensa [&hellip;]\" \/>\n<meta property=\"og:url\" content=\"https:\/\/proaudio.ec\/index.php\/soluciones-auditivas\/\" \/>\n<meta property=\"og:site_name\" content=\"Proaudio\" \/>\n<meta property=\"article:publisher\" content=\"https:\/\/www.facebook.com\/proaudioecuador\" \/>\n<meta property=\"article:modified_time\" content=\"2025-03-14T20:28:34+00:00\" \/>\n<meta property=\"og:image\" content=\"https:\/\/proaudio.ec\/wp-content\/uploads\/2020\/10\/phonak_logo.png\" \/>\n\t<meta property=\"og:image:width\" content=\"161\" \/>\n\t<meta property=\"og:image:height\" content=\"58\" \/>\n\t<meta property=\"og:image:type\" content=\"image\/png\" \/>\n<meta name=\"twitter:card\" content=\"summary_large_image\" \/>\n<meta name=\"twitter:label1\" content=\"Tiempo de lectura\" \/>\n\t<meta name=\"twitter:data1\" content=\"1 minuto\" \/>\n<script type=\"application\/ld+json\" class=\"yoast-schema-graph\">{\"@context\":\"https:\\\/\\\/schema.org\",\"@graph\":[{\"@type\":\"WebPage\",\"@id\":\"https:\\\/\\\/proaudio.ec\\\/index.php\\\/soluciones-auditivas\\\/\",\"url\":\"https:\\\/\\\/proaudio.ec\\\/index.php\\\/soluciones-auditivas\\\/\",\"name\":\"SOLUCIONES AUDITIVAS - Proaudio\",\"isPartOf\":{\"@id\":\"https:\\\/\\\/proaudio.ec\\\/#website\"},\"primaryImageOfPage\":{\"@id\":\"https:\\\/\\\/proaudio.ec\\\/index.php\\\/soluciones-auditivas\\\/#primaryimage\"},\"image\":{\"@id\":\"https:\\\/\\\/proaudio.ec\\\/index.php\\\/soluciones-auditivas\\\/#primaryimage\"},\"thumbnailUrl\":\"https:\\\/\\\/proaudio.ec\\\/wp-content\\\/uploads\\\/2020\\\/10\\\/phonak_logo.png\",\"datePublished\":\"2024-08-30T18:31:19+00:00\",\"dateModified\":\"2025-03-14T20:28:34+00:00\",\"breadcrumb\":{\"@id\":\"https:\\\/\\\/proaudio.ec\\\/index.php\\\/soluciones-auditivas\\\/#breadcrumb\"},\"inLanguage\":\"es\",\"potentialAction\":[{\"@type\":\"ReadAction\",\"target\":[\"https:\\\/\\\/proaudio.ec\\\/index.php\\\/soluciones-auditivas\\\/\"]}]},{\"@type\":\"ImageObject\",\"inLanguage\":\"es\",\"@id\":\"https:\\\/\\\/proaudio.ec\\\/index.php\\\/soluciones-auditivas\\\/#primaryimage\",\"url\":\"https:\\\/\\\/proaudio.ec\\\/wp-content\\\/uploads\\\/2020\\\/10\\\/phonak_logo.png\",\"contentUrl\":\"https:\\\/\\\/proaudio.ec\\\/wp-content\\\/uploads\\\/2020\\\/10\\\/phonak_logo.png\",\"width\":161,\"height\":58},{\"@type\":\"BreadcrumbList\",\"@id\":\"https:\\\/\\\/proaudio.ec\\\/index.php\\\/soluciones-auditivas\\\/#breadcrumb\",\"itemListElement\":[{\"@type\":\"ListItem\",\"position\":1,\"name\":\"Portada\",\"item\":\"https:\\\/\\\/proaudio.ec\\\/\"},{\"@type\":\"ListItem\",\"position\":2,\"name\":\"SOLUCIONES AUDITIVAS\"}]},{\"@type\":\"WebSite\",\"@id\":\"https:\\\/\\\/proaudio.ec\\\/#website\",\"url\":\"https:\\\/\\\/proaudio.ec\\\/\",\"name\":\"Proaudio\",\"description\":\"Instituto Integral de Audici\u00f3n y Lenguaje\",\"publisher\":{\"@id\":\"https:\\\/\\\/proaudio.ec\\\/#organization\"},\"potentialAction\":[{\"@type\":\"SearchAction\",\"target\":{\"@type\":\"EntryPoint\",\"urlTemplate\":\"https:\\\/\\\/proaudio.ec\\\/?s={search_term_string}\"},\"query-input\":{\"@type\":\"PropertyValueSpecification\",\"valueRequired\":true,\"valueName\":\"search_term_string\"}}],\"inLanguage\":\"es\"},{\"@type\":\"Organization\",\"@id\":\"https:\\\/\\\/proaudio.ec\\\/#organization\",\"name\":\"Proaudio\",\"url\":\"https:\\\/\\\/proaudio.ec\\\/\",\"logo\":{\"@type\":\"ImageObject\",\"inLanguage\":\"es\",\"@id\":\"https:\\\/\\\/proaudio.ec\\\/#\\\/schema\\\/logo\\\/image\\\/\",\"url\":\"https:\\\/\\\/proaudio.ec\\\/wp-content\\\/uploads\\\/2024\\\/01\\\/logo.jpg\",\"contentUrl\":\"https:\\\/\\\/proaudio.ec\\\/wp-content\\\/uploads\\\/2024\\\/01\\\/logo.jpg\",\"width\":343,\"height\":60,\"caption\":\"Proaudio\"},\"image\":{\"@id\":\"https:\\\/\\\/proaudio.ec\\\/#\\\/schema\\\/logo\\\/image\\\/\"},\"sameAs\":[\"https:\\\/\\\/www.facebook.com\\\/proaudioecuador\",\"https:\\\/\\\/www.instagram.com\\\/proaudioecuador\"],\"telephone\":\"0964033033\"}]}<\/script>\n<!-- \/ Yoast SEO Premium plugin. -->","yoast_head_json":{"title":"SOLUCIONES AUDITIVAS - Proaudio","robots":{"index":"index","follow":"follow","max-snippet":"max-snippet:-1","max-image-preview":"max-image-preview:large","max-video-preview":"max-video-preview:-1"},"canonical":"https:\/\/proaudio.ec\/index.php\/soluciones-auditivas\/","og_locale":"es_ES","og_type":"article","og_title":"SOLUCIONES AUDITIVAS","og_description":"SOLUCIONES AUDITIVAS De acuerdo con los requerimientos espec\u00edficos de cada paciente, se ofrecen diversas soluciones auditivas.En Proaudio tenemos una extensa [&hellip;]","og_url":"https:\/\/proaudio.ec\/index.php\/soluciones-auditivas\/","og_site_name":"Proaudio","article_publisher":"https:\/\/www.facebook.com\/proaudioecuador","article_modified_time":"2025-03-14T20:28:34+00:00","og_image":[{"width":161,"height":58,"url":"https:\/\/proaudio.ec\/wp-content\/uploads\/2020\/10\/phonak_logo.png","type":"image\/png"}],"twitter_card":"summary_large_image","twitter_misc":{"Tiempo de lectura":"1 minuto"},"schema":{"@context":"https:\/\/schema.org","@graph":[{"@type":"WebPage","@id":"https:\/\/proaudio.ec\/index.php\/soluciones-auditivas\/","url":"https:\/\/proaudio.ec\/index.php\/soluciones-auditivas\/","name":"SOLUCIONES AUDITIVAS - Proaudio","isPartOf":{"@id":"https:\/\/proaudio.ec\/#website"},"primaryImageOfPage":{"@id":"https:\/\/proaudio.ec\/index.php\/soluciones-auditivas\/#primaryimage"},"image":{"@id":"https:\/\/proaudio.ec\/index.php\/soluciones-auditivas\/#primaryimage"},"thumbnailUrl":"https:\/\/proaudio.ec\/wp-content\/uploads\/2020\/10\/phonak_logo.png","datePublished":"2024-08-30T18:31:19+00:00","dateModified":"2025-03-14T20:28:34+00:00","breadcrumb":{"@id":"https:\/\/proaudio.ec\/index.php\/soluciones-auditivas\/#breadcrumb"},"inLanguage":"es","potentialAction":[{"@type":"ReadAction","target":["https:\/\/proaudio.ec\/index.php\/soluciones-auditivas\/"]}]},{"@type":"ImageObject","inLanguage":"es","@id":"https:\/\/proaudio.ec\/index.php\/soluciones-auditivas\/#primaryimage","url":"https:\/\/proaudio.ec\/wp-content\/uploads\/2020\/10\/phonak_logo.png","contentUrl":"https:\/\/proaudio.ec\/wp-content\/uploads\/2020\/10\/phonak_logo.png","width":161,"height":58},{"@type":"BreadcrumbList","@id":"https:\/\/proaudio.ec\/index.php\/soluciones-auditivas\/#breadcrumb","itemListElement":[{"@type":"ListItem","position":1,"name":"Portada","item":"https:\/\/proaudio.ec\/"},{"@type":"ListItem","position":2,"name":"SOLUCIONES AUDITIVAS"}]},{"@type":"WebSite","@id":"https:\/\/proaudio.ec\/#website","url":"https:\/\/proaudio.ec\/","name":"Proaudio","description":"Instituto Integral de Audici\u00f3n y Lenguaje","publisher":{"@id":"https:\/\/proaudio.ec\/#organization"},"potentialAction":[{"@type":"SearchAction","target":{"@type":"EntryPoint","urlTemplate":"https:\/\/proaudio.ec\/?s={search_term_string}"},"query-input":{"@type":"PropertyValueSpecification","valueRequired":true,"valueName":"search_term_string"}}],"inLanguage":"es"},{"@type":"Organization","@id":"https:\/\/proaudio.ec\/#organization","name":"Proaudio","url":"https:\/\/proaudio.ec\/","logo":{"@type":"ImageObject","inLanguage":"es","@id":"https:\/\/proaudio.ec\/#\/schema\/logo\/image\/","url":"https:\/\/proaudio.ec\/wp-content\/uploads\/2024\/01\/logo.jpg","contentUrl":"https:\/\/proaudio.ec\/wp-content\/uploads\/2024\/01\/logo.jpg","width":343,"height":60,"caption":"Proaudio"},"image":{"@id":"https:\/\/proaudio.ec\/#\/schema\/logo\/image\/"},"sameAs":["https:\/\/www.facebook.com\/proaudioecuador","https:\/\/www.instagram.com\/proaudioecuador"],"telephone":"0964033033"}]}},"_links":{"self":[{"href":"https:\/\/proaudio.ec\/index.php\/wp-json\/wp\/v2\/pages\/2051","targetHints":{"allow":["GET"]}}],"collection":[{"href":"https:\/\/proaudio.ec\/index.php\/wp-json\/wp\/v2\/pages"}],"about":[{"href":"https:\/\/proaudio.ec\/index.php\/wp-json\/wp\/v2\/types\/page"}],"author":[{"embeddable":true,"href":"https:\/\/proaudio.ec\/index.php\/wp-json\/wp\/v2\/users\/3"}],"replies":[{"embeddable":true,"href":"https:\/\/proaudio.ec\/index.php\/wp-json\/wp\/v2\/comments?post=2051"}],"version-history":[{"count":10,"href":"https:\/\/proaudio.ec\/index.php\/wp-json\/wp\/v2\/pages\/2051\/revisions"}],"predecessor-version":[{"id":2601,"href":"https:\/\/proaudio.ec\/index.php\/wp-json\/wp\/v2\/pages\/2051\/revisions\/2601"}],"wp:attachment":[{"href":"https:\/\/proaudio.ec\/index.php\/wp-json\/wp\/v2\/media?parent=2051"}],"curies":[{"name":"wp","href":"https:\/\/api.w.org\/{rel}","templated":true}]}}